{"id":102,"date":"2026-01-20T09:28:04","date_gmt":"2026-01-20T09:28:04","guid":{"rendered":"https:\/\/gs-rupprechtschule.de\/?page_id=102"},"modified":"2026-01-23T10:06:16","modified_gmt":"2026-01-23T09:06:16","slug":"ueber-uns","status":"publish","type":"page","link":"https:\/\/gs-rupprechtschule.de\/?page_id=102","title":{"rendered":"\u00fcber uns"},"content":{"rendered":"\n<p class=\"has-medium-font-size\" style=\"font-style:normal;font-weight:400\">Die Grundschule Rupprechtschule befindet sich im Ludwigshafener Stadtteil Friesenheim und ist eine von drei Grundschulen im Stadtteil. Als vierz\u00fcgige Grundschule besuchen derzeit rund 300 Sch\u00fclerinnen und Sch\u00fcler die Schule, die in 16 Klassen unterrichtet werden.<\/p>\n\n\n\n<p>Die Rupprechtschule versteht sich als ein lebendiger Lern- und Lebensraum, in dem Kinder individuell gef\u00f6rdert und in ihrer pers\u00f6nlichen Entwicklung begleitet werden.<\/p>\n\n\n\n<p class=\"has-medium-font-size\" style=\"font-style:normal;font-weight:400\">Die Schulleitung liegt in den H\u00e4nden von Frau Susann Poguntke, unterst\u00fctzt von der stellvertretenden Schulleiterin Frau Yvette Mendel. Gemeinsam mit dem Kollegium sorgen sie f\u00fcr eine verl\u00e4ssliche, wertsch\u00e4tzende und engagierte schulische Arbeit.<\/p>\n","protected":false},"excerpt":{"rendered":"<p>Die Grundschule Rupprechtschule befindet sich im Ludwigshafener Stadtteil Friesenheim und ist eine von drei Grundschulen im Stadtteil. Als vierz\u00fcgige Grundschule besuchen derzeit rund 300 Sch\u00fclerinnen und Sch\u00fcler die Schule, die in 16 Klassen unterrichtet werden. Die Rupprechtschule versteht sich als ein lebendiger Lern- und Lebensraum, in dem Kinder individuell gef\u00f6rdert und in ihrer pers\u00f6nlichen Entwicklung [&hellip;]<\/p>\n","protected":false},"author":1,"featured_media":0,"parent":0,"menu_order":2,"comment_status":"closed","ping_status":"closed","template":"","meta":{"footnotes":""},"class_list":["post-102","page","type-page","status-publish","hentry"],"_links":{"self":[{"href":"https:\/\/gs-rupprechtschule.de\/index.php?rest_route=\/wp\/v2\/pages\/102","targetHints":{"allow":["GET"]}}],"collection":[{"href":"https:\/\/gs-rupprechtschule.de\/index.php?rest_route=\/wp\/v2\/pages"}],"about":[{"href":"https:\/\/gs-rupprechtschule.de\/index.php?rest_route=\/wp\/v2\/types\/page"}],"author":[{"embeddable":true,"href":"https:\/\/gs-rupprechtschule.de\/index.php?rest_route=\/wp\/v2\/users\/1"}],"replies":[{"embeddable":true,"href":"https:\/\/gs-rupprechtschule.de\/index.php?rest_route=%2Fwp%2Fv2%2Fcomments&post=102"}],"version-history":[{"count":2,"href":"https:\/\/gs-rupprechtschule.de\/index.php?rest_route=\/wp\/v2\/pages\/102\/revisions"}],"predecessor-version":[{"id":175,"href":"https:\/\/gs-rupprechtschule.de\/index.php?rest_route=\/wp\/v2\/pages\/102\/revisions\/175"}],"wp:attachment":[{"href":"https:\/\/gs-rupprechtschule.de\/index.php?rest_route=%2Fwp%2Fv2%2Fmedia&parent=102"}],"curies":[{"name":"wp","href":"https:\/\/api.w.org\/{rel}","templated":true}]}}